{"id":14249,"date":"2024-12-16T00:18:04","date_gmt":"2024-12-15T23:18:04","guid":{"rendered":"https:\/\/www.biotope-editions.fr\/?post_type=product&#038;p=14249"},"modified":"2025-09-19T08:53:38","modified_gmt":"2025-09-19T06:53:38","slug":"atlas-des-amphibiens-de-guyane","status":"publish","type":"product","link":"https:\/\/www.biotope-editions.fr\/en\/product\/atlas-des-amphibiens-de-guyane\/","title":{"rendered":"Atlas des Amphibiens de Guyane"},"content":{"rendered":"<div data-elementor-type=\"product-post\" data-elementor-id=\"14249\" class=\"elementor elementor-14249\" data-elementor-post-type=\"product\">\n\t\t\t\t\t\t<section class=\"elementor-section elementor-top-section elementor-element elementor-element-5e85bf5f elementor-section-boxed elementor-section-height-default elementor-section-height-default\" data-id=\"5e85bf5f\" data-element_type=\"section\" data-e-type=\"section\">\n\t\t\t\t\t\t<div class=\"elementor-container elementor-column-gap-default\">\n\t\t\t\t\t<div class=\"elementor-column elementor-col-100 elementor-top-column elementor-element elementor-element-9f0bb85\" data-id=\"9f0bb85\" data-element_type=\"column\" data-e-type=\"column\">\n\t\t\t<div class=\"elementor-widget-wrap elementor-element-populated\">\n\t\t\t\t\t\t<div class=\"elementor-element elementor-element-1e35b82b elementor-widget elementor-widget-text-editor\" data-id=\"1e35b82b\" data-element_type=\"widget\" data-e-type=\"widget\" data-widget_type=\"text-editor.default\">\n\t\t\t\t<div class=\"elementor-widget-container\">\n\t\t\t\t\t\t\t\t\tCe superbe guide b\u00e9n\u00e9ficie des avanc\u00e9es les plus r\u00e9centes au sujet de la connaissance des oiseaux de Nouvelle-Cal\u00e9donie, il constituera un r\u00e9f\u00e9rentiel pr\u00e9cieux pour toutes les personnes engag\u00e9es dans la conservation. Il s\u2019adresse \u00e0 toutes les personnes attach\u00e9es \u00e0 ce territoire, naturalistes, curieux de nature.\t\t\t\t\t\t\t\t<\/div>\n\t\t\t\t<\/div>\n\t\t\t\t\t<\/div>\n\t\t<\/div>\n\t\t\t\t\t<\/div>\n\t\t<\/section>\n\t\t\t\t<\/div>","protected":false},"excerpt":{"rendered":"<p>Cet Atlas des Amphibiens de Guyane int\u00e8gre les progr\u00e8s consid\u00e9rables r\u00e9alis\u00e9s au cours des vingt derni\u00e8res ann\u00e9es en termes de connaissances sur la taxonomie, la r\u00e9partition, l&#8217;\u00e9cologie et la conservation des <strong>137 esp\u00e8ces d&#8217;amphibiens pr\u00e9sentes en Guyane fran\u00e7aise<\/strong>. Il b\u00e9n\u00e9ficie du travail des \u00e9quipes scientifiques qui \u00e9tudient ces esp\u00e8ces en Guyane et dans le reste de l&#8217;Amazonie, mais aussi des observations des naturalistes professionnels et amateurs qui ont partag\u00e9 leurs observations.<\/p>\n<p>Outre la description de chaque esp\u00e8ce et la cartographie de leur r\u00e9partition actuelle, cet atlas \u00e9claire la biog\u00e9ographie des amphibiens de Guyane dans le contexte amazonien et n\u00e9otropical. Leur extr\u00eame diversit\u00e9 en Guyane est le fruit d&#8217;une histoire \u00e9volutive qui a d\u00e9but\u00e9 il y a plusieurs dizaines de millions d&#8217;ann\u00e9es. Au cours de cette p\u00e9riode, la r\u00e9gion a connu de grands changements (climat et v\u00e9g\u00e9tation) qui ont tour \u00e0 tour isol\u00e9 ou favoris\u00e9 la dispersion des esp\u00e8ces, et fa\u00e7onn\u00e9 l&#8217;une des plus riches communaut\u00e9s d&#8217;amphibiens au monde.<\/p>","protected":false},"featured_media":14258,"template":"","meta":{"_acf_changed":false},"product_brand":[],"product_cat":[51,116],"product_tag":[],"class_list":{"0":"post-14249","1":"product","2":"type-product","3":"status-publish","4":"has-post-thumbnail","6":"product_cat-amphibiens-et-reptiles","7":"product_cat-inventaires-et-biodiversite","9":"first","10":"instock","11":"shipping-taxable","12":"purchasable","13":"product-type-simple"},"acf":[],"yoast_head":"<!-- This site is optimized with the Yoast SEO plugin v27.5 - https:\/\/yoast.com\/product\/yoast-seo-wordpress\/ -->\n<title>Atlas des Amphibiens de Guyane - Editions Biotope<\/title>\n<meta name=\"robots\" content=\"index, follow, max-snippet:-1, max-image-preview:large, max-video-preview:-1\" \/>\n<link rel=\"canonical\" href=\"https:\/\/www.biotope-editions.fr\/en\/product\/atlas-des-amphibiens-de-guyane\/\" \/>\n<meta property=\"og:locale\" content=\"en_GB\" \/>\n<meta property=\"og:type\" content=\"article\" \/>\n<meta property=\"og:title\" content=\"Atlas des Amphibiens de Guyane - Editions Biotope\" \/>\n<meta property=\"og:description\" content=\"Cet Atlas des Amphibiens de Guyane int\u00e8gre les progr\u00e8s consid\u00e9rables r\u00e9alis\u00e9s au cours des vingt derni\u00e8res ann\u00e9es en termes de connaissances sur la taxonomie, la r\u00e9partition, l&#039;\u00e9cologie et la conservation des 137 esp\u00e8ces d&#039;amphibiens pr\u00e9sentes en Guyane fran\u00e7aise. Il b\u00e9n\u00e9ficie du travail des \u00e9quipes scientifiques qui \u00e9tudient ces esp\u00e8ces en Guyane et dans le reste de l&#039;Amazonie, mais aussi des observations des naturalistes professionnels et amateurs qui ont partag\u00e9 leurs observations.  Outre la description de chaque esp\u00e8ce et la cartographie de leur r\u00e9partition actuelle, cet atlas \u00e9claire la biog\u00e9ographie des amphibiens de Guyane dans le contexte amazonien et n\u00e9otropical. Leur extr\u00eame diversit\u00e9 en Guyane est le fruit d&#039;une histoire \u00e9volutive qui a d\u00e9but\u00e9 il y a plusieurs dizaines de millions d&#039;ann\u00e9es. Au cours de cette p\u00e9riode, la r\u00e9gion a connu de grands changements (climat et v\u00e9g\u00e9tation) qui ont tour \u00e0 tour isol\u00e9 ou favoris\u00e9 la dispersion des esp\u00e8ces, et fa\u00e7onn\u00e9 l&#039;une des plus riches communaut\u00e9s d&#039;amphibiens au monde.\" \/>\n<meta property=\"og:url\" content=\"https:\/\/www.biotope-editions.fr\/en\/product\/atlas-des-amphibiens-de-guyane\/\" \/>\n<meta property=\"og:site_name\" content=\"Editions Biotope\" \/>\n<meta property=\"article:publisher\" content=\"https:\/\/www.facebook.com\/EditionsBiotope\/\" \/>\n<meta property=\"article:modified_time\" content=\"2025-09-19T06:53:38+00:00\" \/>\n<meta property=\"og:image\" content=\"https:\/\/www.biotope-editions.fr\/wp-content\/uploads\/2024\/12\/atlasamphibiensguyane.png\" \/>\n\t<meta property=\"og:image:width\" content=\"1125\" \/>\n\t<meta property=\"og:image:height\" content=\"1125\" \/>\n\t<meta property=\"og:image:type\" content=\"image\/png\" \/>\n<meta name=\"twitter:card\" content=\"summary_large_image\" \/>\n<meta name=\"twitter:label1\" content=\"Estimated reading time\" \/>\n\t<meta name=\"twitter:data1\" content=\"1 minute\" \/>\n<script type=\"application\/ld+json\" class=\"yoast-schema-graph\">{\"@context\":\"https:\\\/\\\/schema.org\",\"@graph\":[{\"@type\":\"WebPage\",\"@id\":\"https:\\\/\\\/www.biotope-editions.fr\\\/produit\\\/atlas-des-amphibiens-de-guyane\\\/\",\"url\":\"https:\\\/\\\/www.biotope-editions.fr\\\/produit\\\/atlas-des-amphibiens-de-guyane\\\/\",\"name\":\"Atlas des Amphibiens de Guyane - Editions Biotope\",\"isPartOf\":{\"@id\":\"https:\\\/\\\/www.biotope-editions.fr\\\/#website\"},\"primaryImageOfPage\":{\"@id\":\"https:\\\/\\\/www.biotope-editions.fr\\\/produit\\\/atlas-des-amphibiens-de-guyane\\\/#primaryimage\"},\"image\":{\"@id\":\"https:\\\/\\\/www.biotope-editions.fr\\\/produit\\\/atlas-des-amphibiens-de-guyane\\\/#primaryimage\"},\"thumbnailUrl\":\"https:\\\/\\\/www.biotope-editions.fr\\\/wp-content\\\/uploads\\\/2024\\\/12\\\/atlasamphibiensguyane.png\",\"datePublished\":\"2024-12-15T23:18:04+00:00\",\"dateModified\":\"2025-09-19T06:53:38+00:00\",\"breadcrumb\":{\"@id\":\"https:\\\/\\\/www.biotope-editions.fr\\\/produit\\\/atlas-des-amphibiens-de-guyane\\\/#breadcrumb\"},\"inLanguage\":\"en-GB\",\"potentialAction\":[{\"@type\":\"ReadAction\",\"target\":[\"https:\\\/\\\/www.biotope-editions.fr\\\/produit\\\/atlas-des-amphibiens-de-guyane\\\/\"]}]},{\"@type\":\"ImageObject\",\"inLanguage\":\"en-GB\",\"@id\":\"https:\\\/\\\/www.biotope-editions.fr\\\/produit\\\/atlas-des-amphibiens-de-guyane\\\/#primaryimage\",\"url\":\"https:\\\/\\\/www.biotope-editions.fr\\\/wp-content\\\/uploads\\\/2024\\\/12\\\/atlasamphibiensguyane.png\",\"contentUrl\":\"https:\\\/\\\/www.biotope-editions.fr\\\/wp-content\\\/uploads\\\/2024\\\/12\\\/atlasamphibiensguyane.png\",\"width\":1125,\"height\":1125},{\"@type\":\"BreadcrumbList\",\"@id\":\"https:\\\/\\\/www.biotope-editions.fr\\\/produit\\\/atlas-des-amphibiens-de-guyane\\\/#breadcrumb\",\"itemListElement\":[{\"@type\":\"ListItem\",\"position\":1,\"name\":\"Home\",\"item\":\"https:\\\/\\\/www.biotope-editions.fr\\\/\"},{\"@type\":\"ListItem\",\"position\":2,\"name\":\"Produits\",\"item\":\"https:\\\/\\\/www.biotope-editions.fr\\\/shop\\\/\"},{\"@type\":\"ListItem\",\"position\":3,\"name\":\"Collections\",\"item\":\"https:\\\/\\\/www.biotope-editions.fr\\\/categorie-produit\\\/collections\\\/\"},{\"@type\":\"ListItem\",\"position\":4,\"name\":\"Inventaires &amp; Biodiversit\u00e9\",\"item\":\"https:\\\/\\\/www.biotope-editions.fr\\\/categorie-produit\\\/collections\\\/inventaires-et-biodiversite\\\/\"},{\"@type\":\"ListItem\",\"position\":5,\"name\":\"Atlas des Amphibiens de Guyane\"}]},{\"@type\":\"WebSite\",\"@id\":\"https:\\\/\\\/www.biotope-editions.fr\\\/#website\",\"url\":\"https:\\\/\\\/www.biotope-editions.fr\\\/\",\"name\":\"Editions Biotope\",\"description\":\"Editeur par nature\",\"publisher\":{\"@id\":\"https:\\\/\\\/www.biotope-editions.fr\\\/#organization\"},\"potentialAction\":[{\"@type\":\"SearchAction\",\"target\":{\"@type\":\"EntryPoint\",\"urlTemplate\":\"https:\\\/\\\/www.biotope-editions.fr\\\/?s={search_term_string}\"},\"query-input\":{\"@type\":\"PropertyValueSpecification\",\"valueRequired\":true,\"valueName\":\"search_term_string\"}}],\"inLanguage\":\"en-GB\"},{\"@type\":\"Organization\",\"@id\":\"https:\\\/\\\/www.biotope-editions.fr\\\/#organization\",\"name\":\"Editions Biotope\",\"url\":\"https:\\\/\\\/www.biotope-editions.fr\\\/\",\"logo\":{\"@type\":\"ImageObject\",\"inLanguage\":\"en-GB\",\"@id\":\"https:\\\/\\\/www.biotope-editions.fr\\\/#\\\/schema\\\/logo\\\/image\\\/\",\"url\":\"https:\\\/\\\/www.biotope-editions.fr\\\/wp-content\\\/uploads\\\/2024\\\/07\\\/Fichier-1.svg\",\"contentUrl\":\"https:\\\/\\\/www.biotope-editions.fr\\\/wp-content\\\/uploads\\\/2024\\\/07\\\/Fichier-1.svg\",\"width\":49,\"height\":50,\"caption\":\"Editions Biotope\"},\"image\":{\"@id\":\"https:\\\/\\\/www.biotope-editions.fr\\\/#\\\/schema\\\/logo\\\/image\\\/\"},\"sameAs\":[\"https:\\\/\\\/www.facebook.com\\\/EditionsBiotope\\\/\"]}]}<\/script>\n<!-- \/ Yoast SEO plugin. -->","yoast_head_json":{"title":"Atlas des Amphibiens de Guyane - Editions Biotope","robots":{"index":"index","follow":"follow","max-snippet":"max-snippet:-1","max-image-preview":"max-image-preview:large","max-video-preview":"max-video-preview:-1"},"canonical":"https:\/\/www.biotope-editions.fr\/en\/product\/atlas-des-amphibiens-de-guyane\/","og_locale":"en_GB","og_type":"article","og_title":"Atlas des Amphibiens de Guyane - Editions Biotope","og_description":"Cet Atlas des Amphibiens de Guyane int\u00e8gre les progr\u00e8s consid\u00e9rables r\u00e9alis\u00e9s au cours des vingt derni\u00e8res ann\u00e9es en termes de connaissances sur la taxonomie, la r\u00e9partition, l'\u00e9cologie et la conservation des 137 esp\u00e8ces d'amphibiens pr\u00e9sentes en Guyane fran\u00e7aise. Il b\u00e9n\u00e9ficie du travail des \u00e9quipes scientifiques qui \u00e9tudient ces esp\u00e8ces en Guyane et dans le reste de l'Amazonie, mais aussi des observations des naturalistes professionnels et amateurs qui ont partag\u00e9 leurs observations.  Outre la description de chaque esp\u00e8ce et la cartographie de leur r\u00e9partition actuelle, cet atlas \u00e9claire la biog\u00e9ographie des amphibiens de Guyane dans le contexte amazonien et n\u00e9otropical. Leur extr\u00eame diversit\u00e9 en Guyane est le fruit d'une histoire \u00e9volutive qui a d\u00e9but\u00e9 il y a plusieurs dizaines de millions d'ann\u00e9es. Au cours de cette p\u00e9riode, la r\u00e9gion a connu de grands changements (climat et v\u00e9g\u00e9tation) qui ont tour \u00e0 tour isol\u00e9 ou favoris\u00e9 la dispersion des esp\u00e8ces, et fa\u00e7onn\u00e9 l'une des plus riches communaut\u00e9s d'amphibiens au monde.","og_url":"https:\/\/www.biotope-editions.fr\/en\/product\/atlas-des-amphibiens-de-guyane\/","og_site_name":"Editions Biotope","article_publisher":"https:\/\/www.facebook.com\/EditionsBiotope\/","article_modified_time":"2025-09-19T06:53:38+00:00","og_image":[{"width":1125,"height":1125,"url":"https:\/\/www.biotope-editions.fr\/wp-content\/uploads\/2024\/12\/atlasamphibiensguyane.png","type":"image\/png"}],"twitter_card":"summary_large_image","twitter_misc":{"Estimated reading time":"1 minute"},"schema":{"@context":"https:\/\/schema.org","@graph":[{"@type":"WebPage","@id":"https:\/\/www.biotope-editions.fr\/produit\/atlas-des-amphibiens-de-guyane\/","url":"https:\/\/www.biotope-editions.fr\/produit\/atlas-des-amphibiens-de-guyane\/","name":"Atlas des Amphibiens de Guyane - Editions Biotope","isPartOf":{"@id":"https:\/\/www.biotope-editions.fr\/#website"},"primaryImageOfPage":{"@id":"https:\/\/www.biotope-editions.fr\/produit\/atlas-des-amphibiens-de-guyane\/#primaryimage"},"image":{"@id":"https:\/\/www.biotope-editions.fr\/produit\/atlas-des-amphibiens-de-guyane\/#primaryimage"},"thumbnailUrl":"https:\/\/www.biotope-editions.fr\/wp-content\/uploads\/2024\/12\/atlasamphibiensguyane.png","datePublished":"2024-12-15T23:18:04+00:00","dateModified":"2025-09-19T06:53:38+00:00","breadcrumb":{"@id":"https:\/\/www.biotope-editions.fr\/produit\/atlas-des-amphibiens-de-guyane\/#breadcrumb"},"inLanguage":"en-GB","potentialAction":[{"@type":"ReadAction","target":["https:\/\/www.biotope-editions.fr\/produit\/atlas-des-amphibiens-de-guyane\/"]}]},{"@type":"ImageObject","inLanguage":"en-GB","@id":"https:\/\/www.biotope-editions.fr\/produit\/atlas-des-amphibiens-de-guyane\/#primaryimage","url":"https:\/\/www.biotope-editions.fr\/wp-content\/uploads\/2024\/12\/atlasamphibiensguyane.png","contentUrl":"https:\/\/www.biotope-editions.fr\/wp-content\/uploads\/2024\/12\/atlasamphibiensguyane.png","width":1125,"height":1125},{"@type":"BreadcrumbList","@id":"https:\/\/www.biotope-editions.fr\/produit\/atlas-des-amphibiens-de-guyane\/#breadcrumb","itemListElement":[{"@type":"ListItem","position":1,"name":"Home","item":"https:\/\/www.biotope-editions.fr\/"},{"@type":"ListItem","position":2,"name":"Produits","item":"https:\/\/www.biotope-editions.fr\/shop\/"},{"@type":"ListItem","position":3,"name":"Collections","item":"https:\/\/www.biotope-editions.fr\/categorie-produit\/collections\/"},{"@type":"ListItem","position":4,"name":"Inventaires &amp; Biodiversit\u00e9","item":"https:\/\/www.biotope-editions.fr\/categorie-produit\/collections\/inventaires-et-biodiversite\/"},{"@type":"ListItem","position":5,"name":"Atlas des Amphibiens de Guyane"}]},{"@type":"WebSite","@id":"https:\/\/www.biotope-editions.fr\/#website","url":"https:\/\/www.biotope-editions.fr\/","name":"Editions Biotope","description":"Editeur par nature","publisher":{"@id":"https:\/\/www.biotope-editions.fr\/#organization"},"potentialAction":[{"@type":"SearchAction","target":{"@type":"EntryPoint","urlTemplate":"https:\/\/www.biotope-editions.fr\/?s={search_term_string}"},"query-input":{"@type":"PropertyValueSpecification","valueRequired":true,"valueName":"search_term_string"}}],"inLanguage":"en-GB"},{"@type":"Organization","@id":"https:\/\/www.biotope-editions.fr\/#organization","name":"Editions Biotope","url":"https:\/\/www.biotope-editions.fr\/","logo":{"@type":"ImageObject","inLanguage":"en-GB","@id":"https:\/\/www.biotope-editions.fr\/#\/schema\/logo\/image\/","url":"https:\/\/www.biotope-editions.fr\/wp-content\/uploads\/2024\/07\/Fichier-1.svg","contentUrl":"https:\/\/www.biotope-editions.fr\/wp-content\/uploads\/2024\/07\/Fichier-1.svg","width":49,"height":50,"caption":"Editions Biotope"},"image":{"@id":"https:\/\/www.biotope-editions.fr\/#\/schema\/logo\/image\/"},"sameAs":["https:\/\/www.facebook.com\/EditionsBiotope\/"]}]}},"_links":{"self":[{"href":"https:\/\/www.biotope-editions.fr\/en\/wp-json\/wp\/v2\/product\/14249","targetHints":{"allow":["GET"]}}],"collection":[{"href":"https:\/\/www.biotope-editions.fr\/en\/wp-json\/wp\/v2\/product"}],"about":[{"href":"https:\/\/www.biotope-editions.fr\/en\/wp-json\/wp\/v2\/types\/product"}],"version-history":[{"count":11,"href":"https:\/\/www.biotope-editions.fr\/en\/wp-json\/wp\/v2\/product\/14249\/revisions"}],"predecessor-version":[{"id":21083,"href":"https:\/\/www.biotope-editions.fr\/en\/wp-json\/wp\/v2\/product\/14249\/revisions\/21083"}],"wp:featuredmedia":[{"embeddable":true,"href":"https:\/\/www.biotope-editions.fr\/en\/wp-json\/wp\/v2\/media\/14258"}],"wp:attachment":[{"href":"https:\/\/www.biotope-editions.fr\/en\/wp-json\/wp\/v2\/media?parent=14249"}],"wp:term":[{"taxonomy":"product_brand","embeddable":true,"href":"https:\/\/www.biotope-editions.fr\/en\/wp-json\/wp\/v2\/product_brand?post=14249"},{"taxonomy":"product_cat","embeddable":true,"href":"https:\/\/www.biotope-editions.fr\/en\/wp-json\/wp\/v2\/product_cat?post=14249"},{"taxonomy":"product_tag","embeddable":true,"href":"https:\/\/www.biotope-editions.fr\/en\/wp-json\/wp\/v2\/product_tag?post=14249"}],"curies":[{"name":"wp","href":"https:\/\/api.w.org\/{rel}","templated":true}]}}