{"id":10184,"date":"2023-03-31T14:38:13","date_gmt":"2023-03-31T12:38:13","guid":{"rendered":"https:\/\/www.biotope-editions.fr\/?post_type=product&#038;p=10184"},"modified":"2024-12-20T18:12:40","modified_gmt":"2024-12-20T17:12:40","slug":"balade-geologique-a-amboise","status":"publish","type":"product","link":"https:\/\/www.biotope-editions.fr\/en\/product\/balade-geologique-a-amboise\/","title":{"rendered":"Balade g\u00e9ologique \u00e0 Amboise"},"content":{"rendered":"<p>Avec 237 esp\u00e8ces de passereaux et d\u2019esp\u00e8ces alli\u00e9e, ce livre pr\u00e9sente une approche compl\u00e8te des esp\u00e8ces europ\u00e9ennes. Il combine des illustrations, qui mettent en \u00e9vidence les caract\u00e9ristiques de forme et de coloration, compl\u00e9t\u00e9es par une s\u00e9rie de photos de chaque esp\u00e8ce qui montrent comment elles apparaissent en vol. <!--more-->Les descriptions sont courtes, pr\u00e9cises et fiables<\/p>","protected":false},"excerpt":{"rendered":"<p>Les plus anciens indices d&#8217;occupation humaine p\u00e9renne du site d&#8217;Amboise, dat\u00e9s du N\u00e9olothique et de l&#8217;\u00e2ge du bronze, se trouvent sur l&#8217;\u00e9peron situ\u00e9 entre la Loire et l&#8217;Amasse au nord-est de la ville actuelle. <strong>Le ch\u00e2teau d&#8217;Amboise<\/strong>, magnifi\u00e9 par le fleuve est actuellement l&#8217;un des ch\u00e2teaux de la Loire les plus visit\u00e9s. Il est le point d&#8217;orgue de cette ville d&#8217;environ 13.000 habitants, active, agr\u00e9able et riche d&#8217;histoire.<\/p>","protected":false},"featured_media":15419,"template":"","meta":{"_acf_changed":false},"product_brand":[],"product_cat":[165,163],"product_tag":[],"class_list":{"0":"post-10184","1":"product","2":"type-product","3":"status-publish","4":"has-post-thumbnail","6":"product_cat-balades-geologiques","7":"product_cat-geologie","9":"first","10":"instock","11":"shipping-taxable","12":"purchasable","13":"product-type-simple"},"acf":[],"yoast_head":"<!-- This site is optimized with the Yoast SEO plugin v27.5 - https:\/\/yoast.com\/product\/yoast-seo-wordpress\/ -->\n<title>Balade g\u00e9ologique \u00e0 Amboise - Editions Biotope<\/title>\n<meta name=\"robots\" content=\"index, follow, max-snippet:-1, max-image-preview:large, max-video-preview:-1\" \/>\n<link rel=\"canonical\" href=\"https:\/\/www.biotope-editions.fr\/en\/product\/balade-geologique-a-amboise\/\" \/>\n<meta property=\"og:locale\" content=\"en_GB\" \/>\n<meta property=\"og:type\" content=\"article\" \/>\n<meta property=\"og:title\" content=\"Balade g\u00e9ologique \u00e0 Amboise - Editions Biotope\" \/>\n<meta property=\"og:description\" content=\"Les plus anciens indices d&#039;occupation humaine p\u00e9renne du site d&#039;Amboise, dat\u00e9s du N\u00e9olothique et de l&#039;\u00e2ge du bronze, se trouvent sur l&#039;\u00e9peron situ\u00e9 entre la Loire et l&#039;Amasse au nord-est de la ville actuelle. Le ch\u00e2teau d&#039;Amboise, magnifi\u00e9 par le fleuve est actuellement l&#039;un des ch\u00e2teaux de la Loire les plus visit\u00e9s. Il est le point d&#039;orgue de cette ville d&#039;environ 13.000 habitants, active, agr\u00e9able et riche d&#039;histoire.\" \/>\n<meta property=\"og:url\" content=\"https:\/\/www.biotope-editions.fr\/en\/product\/balade-geologique-a-amboise\/\" \/>\n<meta property=\"og:site_name\" content=\"Editions Biotope\" \/>\n<meta property=\"article:publisher\" content=\"https:\/\/www.facebook.com\/EditionsBiotope\/\" \/>\n<meta property=\"article:modified_time\" content=\"2024-12-20T17:12:40+00:00\" \/>\n<meta property=\"og:image\" content=\"https:\/\/www.biotope-editions.fr\/wp-content\/uploads\/2023\/03\/Baladegeologique_Amboise.png\" \/>\n\t<meta property=\"og:image:width\" content=\"1125\" \/>\n\t<meta property=\"og:image:height\" content=\"1125\" \/>\n\t<meta property=\"og:image:type\" content=\"image\/png\" \/>\n<meta name=\"twitter:card\" content=\"summary_large_image\" \/>\n<meta name=\"twitter:label1\" content=\"Estimated reading time\" \/>\n\t<meta name=\"twitter:data1\" content=\"1 minute\" \/>\n<script type=\"application\/ld+json\" class=\"yoast-schema-graph\">{\"@context\":\"https:\\\/\\\/schema.org\",\"@graph\":[{\"@type\":\"WebPage\",\"@id\":\"https:\\\/\\\/www.biotope-editions.fr\\\/produit\\\/balade-geologique-a-amboise\\\/\",\"url\":\"https:\\\/\\\/www.biotope-editions.fr\\\/produit\\\/balade-geologique-a-amboise\\\/\",\"name\":\"Balade g\u00e9ologique \u00e0 Amboise - Editions Biotope\",\"isPartOf\":{\"@id\":\"https:\\\/\\\/www.biotope-editions.fr\\\/#website\"},\"primaryImageOfPage\":{\"@id\":\"https:\\\/\\\/www.biotope-editions.fr\\\/produit\\\/balade-geologique-a-amboise\\\/#primaryimage\"},\"image\":{\"@id\":\"https:\\\/\\\/www.biotope-editions.fr\\\/produit\\\/balade-geologique-a-amboise\\\/#primaryimage\"},\"thumbnailUrl\":\"https:\\\/\\\/www.biotope-editions.fr\\\/wp-content\\\/uploads\\\/2023\\\/03\\\/Baladegeologique_Amboise.png\",\"datePublished\":\"2023-03-31T12:38:13+00:00\",\"dateModified\":\"2024-12-20T17:12:40+00:00\",\"breadcrumb\":{\"@id\":\"https:\\\/\\\/www.biotope-editions.fr\\\/produit\\\/balade-geologique-a-amboise\\\/#breadcrumb\"},\"inLanguage\":\"en-GB\",\"potentialAction\":[{\"@type\":\"ReadAction\",\"target\":[\"https:\\\/\\\/www.biotope-editions.fr\\\/produit\\\/balade-geologique-a-amboise\\\/\"]}]},{\"@type\":\"ImageObject\",\"inLanguage\":\"en-GB\",\"@id\":\"https:\\\/\\\/www.biotope-editions.fr\\\/produit\\\/balade-geologique-a-amboise\\\/#primaryimage\",\"url\":\"https:\\\/\\\/www.biotope-editions.fr\\\/wp-content\\\/uploads\\\/2023\\\/03\\\/Baladegeologique_Amboise.png\",\"contentUrl\":\"https:\\\/\\\/www.biotope-editions.fr\\\/wp-content\\\/uploads\\\/2023\\\/03\\\/Baladegeologique_Amboise.png\",\"width\":1125,\"height\":1125},{\"@type\":\"BreadcrumbList\",\"@id\":\"https:\\\/\\\/www.biotope-editions.fr\\\/produit\\\/balade-geologique-a-amboise\\\/#breadcrumb\",\"itemListElement\":[{\"@type\":\"ListItem\",\"position\":1,\"name\":\"Home\",\"item\":\"https:\\\/\\\/www.biotope-editions.fr\\\/\"},{\"@type\":\"ListItem\",\"position\":2,\"name\":\"Produits\",\"item\":\"https:\\\/\\\/www.biotope-editions.fr\\\/shop\\\/\"},{\"@type\":\"ListItem\",\"position\":3,\"name\":\"Collections\",\"item\":\"https:\\\/\\\/www.biotope-editions.fr\\\/categorie-produit\\\/collections\\\/\"},{\"@type\":\"ListItem\",\"position\":4,\"name\":\"Balades g\u00e9ologiques\",\"item\":\"https:\\\/\\\/www.biotope-editions.fr\\\/categorie-produit\\\/collections\\\/balades-geologiques\\\/\"},{\"@type\":\"ListItem\",\"position\":5,\"name\":\"Balade g\u00e9ologique \u00e0 Amboise\"}]},{\"@type\":\"WebSite\",\"@id\":\"https:\\\/\\\/www.biotope-editions.fr\\\/#website\",\"url\":\"https:\\\/\\\/www.biotope-editions.fr\\\/\",\"name\":\"Editions Biotope\",\"description\":\"Editeur par nature\",\"publisher\":{\"@id\":\"https:\\\/\\\/www.biotope-editions.fr\\\/#organization\"},\"potentialAction\":[{\"@type\":\"SearchAction\",\"target\":{\"@type\":\"EntryPoint\",\"urlTemplate\":\"https:\\\/\\\/www.biotope-editions.fr\\\/?s={search_term_string}\"},\"query-input\":{\"@type\":\"PropertyValueSpecification\",\"valueRequired\":true,\"valueName\":\"search_term_string\"}}],\"inLanguage\":\"en-GB\"},{\"@type\":\"Organization\",\"@id\":\"https:\\\/\\\/www.biotope-editions.fr\\\/#organization\",\"name\":\"Editions Biotope\",\"url\":\"https:\\\/\\\/www.biotope-editions.fr\\\/\",\"logo\":{\"@type\":\"ImageObject\",\"inLanguage\":\"en-GB\",\"@id\":\"https:\\\/\\\/www.biotope-editions.fr\\\/#\\\/schema\\\/logo\\\/image\\\/\",\"url\":\"https:\\\/\\\/www.biotope-editions.fr\\\/wp-content\\\/uploads\\\/2024\\\/07\\\/Fichier-1.svg\",\"contentUrl\":\"https:\\\/\\\/www.biotope-editions.fr\\\/wp-content\\\/uploads\\\/2024\\\/07\\\/Fichier-1.svg\",\"width\":49,\"height\":50,\"caption\":\"Editions Biotope\"},\"image\":{\"@id\":\"https:\\\/\\\/www.biotope-editions.fr\\\/#\\\/schema\\\/logo\\\/image\\\/\"},\"sameAs\":[\"https:\\\/\\\/www.facebook.com\\\/EditionsBiotope\\\/\"]}]}<\/script>\n<!-- \/ Yoast SEO plugin. -->","yoast_head_json":{"title":"Balade g\u00e9ologique \u00e0 Amboise - Editions Biotope","robots":{"index":"index","follow":"follow","max-snippet":"max-snippet:-1","max-image-preview":"max-image-preview:large","max-video-preview":"max-video-preview:-1"},"canonical":"https:\/\/www.biotope-editions.fr\/en\/product\/balade-geologique-a-amboise\/","og_locale":"en_GB","og_type":"article","og_title":"Balade g\u00e9ologique \u00e0 Amboise - Editions Biotope","og_description":"Les plus anciens indices d'occupation humaine p\u00e9renne du site d'Amboise, dat\u00e9s du N\u00e9olothique et de l'\u00e2ge du bronze, se trouvent sur l'\u00e9peron situ\u00e9 entre la Loire et l'Amasse au nord-est de la ville actuelle. Le ch\u00e2teau d'Amboise, magnifi\u00e9 par le fleuve est actuellement l'un des ch\u00e2teaux de la Loire les plus visit\u00e9s. Il est le point d'orgue de cette ville d'environ 13.000 habitants, active, agr\u00e9able et riche d'histoire.","og_url":"https:\/\/www.biotope-editions.fr\/en\/product\/balade-geologique-a-amboise\/","og_site_name":"Editions Biotope","article_publisher":"https:\/\/www.facebook.com\/EditionsBiotope\/","article_modified_time":"2024-12-20T17:12:40+00:00","og_image":[{"width":1125,"height":1125,"url":"https:\/\/www.biotope-editions.fr\/wp-content\/uploads\/2023\/03\/Baladegeologique_Amboise.png","type":"image\/png"}],"twitter_card":"summary_large_image","twitter_misc":{"Estimated reading time":"1 minute"},"schema":{"@context":"https:\/\/schema.org","@graph":[{"@type":"WebPage","@id":"https:\/\/www.biotope-editions.fr\/produit\/balade-geologique-a-amboise\/","url":"https:\/\/www.biotope-editions.fr\/produit\/balade-geologique-a-amboise\/","name":"Balade g\u00e9ologique \u00e0 Amboise - Editions Biotope","isPartOf":{"@id":"https:\/\/www.biotope-editions.fr\/#website"},"primaryImageOfPage":{"@id":"https:\/\/www.biotope-editions.fr\/produit\/balade-geologique-a-amboise\/#primaryimage"},"image":{"@id":"https:\/\/www.biotope-editions.fr\/produit\/balade-geologique-a-amboise\/#primaryimage"},"thumbnailUrl":"https:\/\/www.biotope-editions.fr\/wp-content\/uploads\/2023\/03\/Baladegeologique_Amboise.png","datePublished":"2023-03-31T12:38:13+00:00","dateModified":"2024-12-20T17:12:40+00:00","breadcrumb":{"@id":"https:\/\/www.biotope-editions.fr\/produit\/balade-geologique-a-amboise\/#breadcrumb"},"inLanguage":"en-GB","potentialAction":[{"@type":"ReadAction","target":["https:\/\/www.biotope-editions.fr\/produit\/balade-geologique-a-amboise\/"]}]},{"@type":"ImageObject","inLanguage":"en-GB","@id":"https:\/\/www.biotope-editions.fr\/produit\/balade-geologique-a-amboise\/#primaryimage","url":"https:\/\/www.biotope-editions.fr\/wp-content\/uploads\/2023\/03\/Baladegeologique_Amboise.png","contentUrl":"https:\/\/www.biotope-editions.fr\/wp-content\/uploads\/2023\/03\/Baladegeologique_Amboise.png","width":1125,"height":1125},{"@type":"BreadcrumbList","@id":"https:\/\/www.biotope-editions.fr\/produit\/balade-geologique-a-amboise\/#breadcrumb","itemListElement":[{"@type":"ListItem","position":1,"name":"Home","item":"https:\/\/www.biotope-editions.fr\/"},{"@type":"ListItem","position":2,"name":"Produits","item":"https:\/\/www.biotope-editions.fr\/shop\/"},{"@type":"ListItem","position":3,"name":"Collections","item":"https:\/\/www.biotope-editions.fr\/categorie-produit\/collections\/"},{"@type":"ListItem","position":4,"name":"Balades g\u00e9ologiques","item":"https:\/\/www.biotope-editions.fr\/categorie-produit\/collections\/balades-geologiques\/"},{"@type":"ListItem","position":5,"name":"Balade g\u00e9ologique \u00e0 Amboise"}]},{"@type":"WebSite","@id":"https:\/\/www.biotope-editions.fr\/#website","url":"https:\/\/www.biotope-editions.fr\/","name":"Editions Biotope","description":"Editeur par nature","publisher":{"@id":"https:\/\/www.biotope-editions.fr\/#organization"},"potentialAction":[{"@type":"SearchAction","target":{"@type":"EntryPoint","urlTemplate":"https:\/\/www.biotope-editions.fr\/?s={search_term_string}"},"query-input":{"@type":"PropertyValueSpecification","valueRequired":true,"valueName":"search_term_string"}}],"inLanguage":"en-GB"},{"@type":"Organization","@id":"https:\/\/www.biotope-editions.fr\/#organization","name":"Editions Biotope","url":"https:\/\/www.biotope-editions.fr\/","logo":{"@type":"ImageObject","inLanguage":"en-GB","@id":"https:\/\/www.biotope-editions.fr\/#\/schema\/logo\/image\/","url":"https:\/\/www.biotope-editions.fr\/wp-content\/uploads\/2024\/07\/Fichier-1.svg","contentUrl":"https:\/\/www.biotope-editions.fr\/wp-content\/uploads\/2024\/07\/Fichier-1.svg","width":49,"height":50,"caption":"Editions Biotope"},"image":{"@id":"https:\/\/www.biotope-editions.fr\/#\/schema\/logo\/image\/"},"sameAs":["https:\/\/www.facebook.com\/EditionsBiotope\/"]}]}},"_links":{"self":[{"href":"https:\/\/www.biotope-editions.fr\/en\/wp-json\/wp\/v2\/product\/10184","targetHints":{"allow":["GET"]}}],"collection":[{"href":"https:\/\/www.biotope-editions.fr\/en\/wp-json\/wp\/v2\/product"}],"about":[{"href":"https:\/\/www.biotope-editions.fr\/en\/wp-json\/wp\/v2\/types\/product"}],"version-history":[{"count":9,"href":"https:\/\/www.biotope-editions.fr\/en\/wp-json\/wp\/v2\/product\/10184\/revisions"}],"predecessor-version":[{"id":15424,"href":"https:\/\/www.biotope-editions.fr\/en\/wp-json\/wp\/v2\/product\/10184\/revisions\/15424"}],"wp:featuredmedia":[{"embeddable":true,"href":"https:\/\/www.biotope-editions.fr\/en\/wp-json\/wp\/v2\/media\/15419"}],"wp:attachment":[{"href":"https:\/\/www.biotope-editions.fr\/en\/wp-json\/wp\/v2\/media?parent=10184"}],"wp:term":[{"taxonomy":"product_brand","embeddable":true,"href":"https:\/\/www.biotope-editions.fr\/en\/wp-json\/wp\/v2\/product_brand?post=10184"},{"taxonomy":"product_cat","embeddable":true,"href":"https:\/\/www.biotope-editions.fr\/en\/wp-json\/wp\/v2\/product_cat?post=10184"},{"taxonomy":"product_tag","embeddable":true,"href":"https:\/\/www.biotope-editions.fr\/en\/wp-json\/wp\/v2\/product_tag?post=10184"}],"curies":[{"name":"wp","href":"https:\/\/api.w.org\/{rel}","templated":true}]}}