{"id":5102,"date":"2024-07-09T12:28:53","date_gmt":"2024-07-09T12:28:53","guid":{"rendered":"https:\/\/www.biotope-editions.com\/espace-pro\/espace-auteur\/"},"modified":"2024-12-20T16:37:23","modified_gmt":"2024-12-20T15:37:23","slug":"espace-auteurs","status":"publish","type":"page","link":"https:\/\/www.biotope-editions.fr\/en\/espace-auteurs\/","title":{"rendered":"Authors' Area"},"content":{"rendered":"\t\t<div data-elementor-type=\"wp-page\" data-elementor-id=\"5102\" class=\"elementor elementor-5102\" data-elementor-post-type=\"page\">\n\t\t\t\t\t\t<section class=\"elementor-section elementor-top-section elementor-element elementor-element-7f176a3 elementor-section-height-min-height elementor-section-content-middle elementor-section-boxed elementor-section-height-default elementor-section-items-middle\" data-id=\"7f176a3\" data-element_type=\"section\" data-e-type=\"section\" data-settings=\"{&quot;background_background&quot;:&quot;slideshow&quot;,&quot;background_slideshow_gallery&quot;:[{&quot;id&quot;:9121,&quot;url&quot;:&quot;http:\\\/\\\/www.biotope-editions.fr\\\/wp-content\\\/uploads\\\/2024\\\/08\\\/auteurbandeaux.png&quot;}],&quot;background_slideshow_loop&quot;:&quot;yes&quot;,&quot;background_slideshow_slide_duration&quot;:5000,&quot;background_slideshow_slide_transition&quot;:&quot;fade&quot;,&quot;background_slideshow_transition_duration&quot;:500}\">\n\t\t\t\t\t\t\t<div class=\"elementor-background-overlay\"><\/div>\n\t\t\t\t\t\t\t<div class=\"elementor-container elementor-column-gap-narrow\">\n\t\t\t\t\t<div class=\"elementor-column elementor-col-100 elementor-top-column elementor-element elementor-element-0f258cb\" data-id=\"0f258cb\" data-element_type=\"column\" data-e-type=\"column\">\n\t\t\t<div class=\"elementor-widget-wrap elementor-element-populated\">\n\t\t\t\t\t\t<div class=\"elementor-element elementor-element-5c1bf78 elementor-widget elementor-widget-heading\" data-id=\"5c1bf78\" data-element_type=\"widget\" data-e-type=\"widget\" data-widget_type=\"heading.default\">\n\t\t\t\t<div class=\"elementor-widget-container\">\n\t\t\t\t\t<h1 class=\"elementor-heading-title elementor-size-default\">Espace Auteurs<\/h1>\t\t\t\t<\/div>\n\t\t\t\t<\/div>\n\t\t\t\t<div class=\"elementor-element elementor-element-3404818 elementor-widget-divider--view-line elementor-widget elementor-widget-divider\" data-id=\"3404818\" data-element_type=\"widget\" data-e-type=\"widget\" data-widget_type=\"divider.default\">\n\t\t\t\t<div class=\"elementor-widget-container\">\n\t\t\t\t\t\t\t<div class=\"elementor-divider\">\n\t\t\t<span class=\"elementor-divider-separator\">\n\t\t\t\t\t\t<\/span>\n\t\t<\/div>\n\t\t\t\t\t\t<\/div>\n\t\t\t\t<\/div>\n\t\t\t\t\t<\/div>\n\t\t<\/div>\n\t\t\t\t\t<\/div>\n\t\t<\/section>\n\t\t\t\t<section class=\"elementor-section elementor-top-section elementor-element elementor-element-232891e elementor-section-boxed elementor-section-height-default elementor-section-height-default\" data-id=\"232891e\" data-element_type=\"section\" data-e-type=\"section\">\n\t\t\t\t\t\t<div class=\"elementor-container elementor-column-gap-default\">\n\t\t\t\t\t<div class=\"elementor-column elementor-col-100 elementor-top-column elementor-element elementor-element-7023ffe\" data-id=\"7023ffe\" data-element_type=\"column\" data-e-type=\"column\">\n\t\t\t<div class=\"elementor-widget-wrap elementor-element-populated\">\n\t\t\t\t\t\t<div class=\"elementor-element elementor-element-24bb85b elementor-widget elementor-widget-woocommerce-breadcrumb\" data-id=\"24bb85b\" data-element_type=\"widget\" data-e-type=\"widget\" data-widget_type=\"woocommerce-breadcrumb.default\">\n\t\t\t\t<div class=\"elementor-widget-container\">\n\t\t\t\t\t<nav class=\"woocommerce-breadcrumb\" aria-label=\"Breadcrumb\">Home<\/nav>\t\t\t\t<\/div>\n\t\t\t\t<\/div>\n\t\t\t\t\t<\/div>\n\t\t<\/div>\n\t\t\t\t\t<\/div>\n\t\t<\/section>\n\t\t\t\t<section class=\"elementor-section elementor-top-section elementor-element elementor-element-ddb6058 elementor-section-boxed elementor-section-height-default elementor-section-height-default\" data-id=\"ddb6058\" data-element_type=\"section\" data-e-type=\"section\">\n\t\t\t\t\t\t<div class=\"elementor-container elementor-column-gap-default\">\n\t\t\t\t\t<div class=\"elementor-column elementor-col-100 elementor-top-column elementor-element elementor-element-cba5f83\" data-id=\"cba5f83\" data-element_type=\"column\" data-e-type=\"column\">\n\t\t\t<div class=\"elementor-widget-wrap elementor-element-populated\">\n\t\t\t\t\t\t<div class=\"elementor-element elementor-element-3df6e58 elementor-widget elementor-widget-heading\" data-id=\"3df6e58\" data-element_type=\"widget\" data-e-type=\"widget\" data-widget_type=\"heading.default\">\n\t\t\t\t<div class=\"elementor-widget-container\">\n\t\t\t\t\t<h1 class=\"elementor-heading-title elementor-size-default\">Vous \u00eates auteur \/ autrice<\/h1>\t\t\t\t<\/div>\n\t\t\t\t<\/div>\n\t\t\t\t<div class=\"elementor-element elementor-element-16f88e2 elementor-widget-divider--view-line elementor-widget elementor-widget-divider\" data-id=\"16f88e2\" data-element_type=\"widget\" data-e-type=\"widget\" data-widget_type=\"divider.default\">\n\t\t\t\t<div class=\"elementor-widget-container\">\n\t\t\t\t\t\t\t<div class=\"elementor-divider\">\n\t\t\t<span class=\"elementor-divider-separator\">\n\t\t\t\t\t\t<\/span>\n\t\t<\/div>\n\t\t\t\t\t\t<\/div>\n\t\t\t\t<\/div>\n\t\t\t\t\t<\/div>\n\t\t<\/div>\n\t\t\t\t\t<\/div>\n\t\t<\/section>\n\t\t\t\t<section class=\"elementor-section elementor-top-section elementor-element elementor-element-bfafb96 elementor-section-boxed elementor-section-height-default elementor-section-height-default\" data-id=\"bfafb96\" data-element_type=\"section\" data-e-type=\"section\">\n\t\t\t\t\t\t<div class=\"elementor-container elementor-column-gap-default\">\n\t\t\t\t\t<div class=\"elementor-column elementor-col-100 elementor-top-column elementor-element elementor-element-5943a43\" data-id=\"5943a43\" data-element_type=\"column\" data-e-type=\"column\">\n\t\t\t<div class=\"elementor-widget-wrap elementor-element-populated\">\n\t\t\t\t\t\t<div class=\"elementor-element elementor-element-11d9f0f elementor-widget elementor-widget-text-editor\" data-id=\"11d9f0f\" data-element_type=\"widget\" data-e-type=\"widget\" data-widget_type=\"text-editor.default\">\n\t\t\t\t<div class=\"elementor-widget-container\">\n\t\t\t\t\t\t\t\t\t<p><span style=\"color: #0091a5;\"><strong>Pourquoi publier aux \u00c9ditions Biotope ?<\/strong><\/span><\/p><p>\u00c0 votre \u00e9coute, nous vous accompagnons tout au long de votre projet \u00e9ditorial, de la pr\u00e9paration du manuscrit \u00e0 la diffusion de votre ouvrage. Vous b\u00e9n\u00e9ficiez de <b>30 ans d\u2019exp\u00e9rience<\/b> dans le domaine de l\u2019\u00e9dition et de l\u2019<b>expertise naturaliste de notre comit\u00e9 \u00e9ditorial<\/b>. De plus, notre r\u00e9seau de diffusion couvre un large r\u00e9seau de librairies et sites de vente en ligne, en France et \u00e0 l\u2019\u00e9tranger. Notre \u00e9quipe vous accompagne dans la promotion de vos ouvrages (conf\u00e9rences, d\u00e9dicaces, r\u00e9seaux sociaux, etc.). Nous collaborons avec une agence de relations presse pour promouvoir nos parutions \u00e0 travers les m\u00e9dias.<\/p><p>La sp\u00e9cificit\u00e9 de notre <b>r\u00e9seau de diffusion et de communication<\/b> est d&#8217;assurer une commercialisation sur mesure de vos ouvrages, avec non seulement une mise en avant apr\u00e8s parution mais aussi sur la base d&#8217;un travail de fond d\u2019ann\u00e9e en ann\u00e9e.<span style=\"color: var( --e-global-color-text ); font-family: var( --e-global-typography-text-font-family ), Sans-serif; font-weight: var( --e-global-typography-text-font-weight ); font-size: 1rem;\">\u00a0<\/span><\/p><p><b><span style=\"color: #0091a5;\">Vous avez un projet \u00e9ditorial ?<\/span><br \/><\/b><br \/>Gardez en t\u00eate que notre <strong>spectre \u00e9ditorial est assez \u00e9troit, centr\u00e9 sur les th\u00e9matique naturalistes<\/strong>. Pour vous familiariser avec notre ligne \u00e9ditoriale, nous vous invitons \u00e0 consulter notre catalogue en ligne. Notre comit\u00e9 \u00e9ditorial examine avec attention les manuscrits qui nous sont adress\u00e9s et nous vous r\u00e9pondrons dans des d\u00e9lais raisonnables.<\/p><p>Si vous voulez nous soumettre un projet d\u2019ouvrage ou un manuscrit, vous pouvez l\u2019envoyer par mail<b>\u00a0<\/b>en format word ou pdf.<\/p><p><span style=\"color: #0091a5;\">Pour toutes questions li\u00e9es aux <b>droits d\u2019auteur<\/b>, nous vous invitons \u00e0 nous contacter.<\/span><\/p>\t\t\t\t\t\t\t\t<\/div>\n\t\t\t\t<\/div>\n\t\t\t\t<div class=\"elementor-element elementor-element-8072307 elementor-widget elementor-widget-gallery\" data-id=\"8072307\" data-element_type=\"widget\" data-e-type=\"widget\" data-settings=\"{&quot;gallery_layout&quot;:&quot;justified&quot;,&quot;image_hover_animation&quot;:&quot;grow&quot;,&quot;lazyload&quot;:&quot;yes&quot;,&quot;ideal_row_height&quot;:{&quot;unit&quot;:&quot;px&quot;,&quot;size&quot;:200,&quot;sizes&quot;:[]},&quot;ideal_row_height_tablet&quot;:{&quot;unit&quot;:&quot;px&quot;,&quot;size&quot;:150,&quot;sizes&quot;:[]},&quot;ideal_row_height_mobile&quot;:{&quot;unit&quot;:&quot;px&quot;,&quot;size&quot;:150,&quot;sizes&quot;:[]},&quot;gap&quot;:{&quot;unit&quot;:&quot;px&quot;,&quot;size&quot;:10,&quot;sizes&quot;:[]},&quot;gap_tablet&quot;:{&quot;unit&quot;:&quot;px&quot;,&quot;size&quot;:10,&quot;sizes&quot;:[]},&quot;gap_mobile&quot;:{&quot;unit&quot;:&quot;px&quot;,&quot;size&quot;:10,&quot;sizes&quot;:[]},&quot;link_to&quot;:&quot;file&quot;,&quot;content_hover_animation&quot;:&quot;fade-in&quot;}\" data-widget_type=\"gallery.default\">\n\t\t\t\t<div class=\"elementor-widget-container\">\n\t\t\t\t\t\t\t<div class=\"elementor-gallery__container\">\n\t\t\t\t\t\t\t<a class=\"e-gallery-item elementor-gallery-item elementor-animated-content\" href=\"https:\/\/www.biotope-editions.fr\/wp-content\/uploads\/2024\/05\/20241006_110332.jpg\" data-elementor-open-lightbox=\"yes\" data-elementor-lightbox-slideshow=\"8072307\" data-elementor-lightbox-title=\"Michel Chauvet\" data-elementor-lightbox-description=\"Auteur de l&#039;ouvrage Etymologia Botanica - Dictionnaire des noms latins\" data-e-action-hash=\"#elementor-action%3Aaction%3Dlightbox%26settings%3DeyJpZCI6MTEyMDEsInVybCI6Imh0dHBzOlwvXC93d3cuYmlvdG9wZS1lZGl0aW9ucy5mclwvd3AtY29udGVudFwvdXBsb2Fkc1wvMjAyNFwvMDVcLzIwMjQxMDA2XzExMDMzMi5qcGciLCJzbGlkZXNob3ciOiI4MDcyMzA3In0%3D\">\n\t\t\t\t\t<div class=\"e-gallery-image elementor-gallery-item__image\" data-thumbnail=\"https:\/\/www.biotope-editions.fr\/wp-content\/uploads\/2024\/05\/20241006_110332-1024x768.jpg\" data-width=\"800\" data-height=\"600\" aria-label=\"\" role=\"img\" ><\/div>\n\t\t\t\t\t\t\t\t\t\t\t\t\t\t<\/a>\n\t\t\t\t\t\t\t<a class=\"e-gallery-item elementor-gallery-item elementor-animated-content\" href=\"https:\/\/www.biotope-editions.fr\/wp-content\/uploads\/2024\/12\/20240210_154933.jpg\" data-elementor-open-lightbox=\"yes\" data-elementor-lightbox-slideshow=\"8072307\" data-elementor-lightbox-title=\"20240210_154933\" data-e-action-hash=\"#elementor-action%3Aaction%3Dlightbox%26settings%3DeyJpZCI6MTUzMjgsInVybCI6Imh0dHBzOlwvXC93d3cuYmlvdG9wZS1lZGl0aW9ucy5mclwvd3AtY29udGVudFwvdXBsb2Fkc1wvMjAyNFwvMTJcLzIwMjQwMjEwXzE1NDkzMy5qcGciLCJzbGlkZXNob3ciOiI4MDcyMzA3In0%3D\">\n\t\t\t\t\t<div class=\"e-gallery-image elementor-gallery-item__image\" data-thumbnail=\"https:\/\/www.biotope-editions.fr\/wp-content\/uploads\/2024\/12\/20240210_154933-1024x768.jpg\" data-width=\"800\" data-height=\"600\" aria-label=\"\" role=\"img\" ><\/div>\n\t\t\t\t\t\t\t\t\t\t\t\t\t\t<\/a>\n\t\t\t\t\t\t\t<a class=\"e-gallery-item elementor-gallery-item elementor-animated-content\" href=\"https:\/\/www.biotope-editions.fr\/wp-content\/uploads\/2024\/12\/316411832_554071356726752_6433935440891634438_n.jpg\" data-elementor-open-lightbox=\"yes\" data-elementor-lightbox-slideshow=\"8072307\" data-elementor-lightbox-title=\"316411832_554071356726752_6433935440891634438_n\" data-e-action-hash=\"#elementor-action%3Aaction%3Dlightbox%26settings%3DeyJpZCI6MTUzMjksInVybCI6Imh0dHBzOlwvXC93d3cuYmlvdG9wZS1lZGl0aW9ucy5mclwvd3AtY29udGVudFwvdXBsb2Fkc1wvMjAyNFwvMTJcLzMxNjQxMTgzMl81NTQwNzEzNTY3MjY3NTJfNjQzMzkzNTQ0MDg5MTYzNDQzOF9uLmpwZyIsInNsaWRlc2hvdyI6IjgwNzIzMDcifQ%3D%3D\">\n\t\t\t\t\t<div class=\"e-gallery-image elementor-gallery-item__image\" data-thumbnail=\"https:\/\/www.biotope-editions.fr\/wp-content\/uploads\/2024\/12\/316411832_554071356726752_6433935440891634438_n-576x1024.jpg\" data-width=\"576\" data-height=\"1024\" aria-label=\"\" role=\"img\" ><\/div>\n\t\t\t\t\t\t\t\t\t\t\t\t\t\t<\/a>\n\t\t\t\t\t\t\t<a class=\"e-gallery-item elementor-gallery-item elementor-animated-content\" href=\"https:\/\/www.biotope-editions.fr\/wp-content\/uploads\/2024\/08\/95826d7f238460a826d7f2384ed826v-960x640-1.png\" data-elementor-open-lightbox=\"yes\" data-elementor-lightbox-slideshow=\"8072307\" data-elementor-lightbox-title=\"Vincent Guillemot\" data-elementor-lightbox-description=\"Auteur de l&#039;ouvrage La flore du Massif armoricain\" data-e-action-hash=\"#elementor-action%3Aaction%3Dlightbox%26settings%3DeyJpZCI6OTExOCwidXJsIjoiaHR0cHM6XC9cL3d3dy5iaW90b3BlLWVkaXRpb25zLmZyXC93cC1jb250ZW50XC91cGxvYWRzXC8yMDI0XC8wOFwvOTU4MjZkN2YyMzg0NjBhODI2ZDdmMjM4NGVkODI2di05NjB4NjQwLTEucG5nIiwic2xpZGVzaG93IjoiODA3MjMwNyJ9\">\n\t\t\t\t\t<div class=\"e-gallery-image elementor-gallery-item__image\" data-thumbnail=\"https:\/\/www.biotope-editions.fr\/wp-content\/uploads\/2024\/08\/95826d7f238460a826d7f2384ed826v-960x640-1.png\" data-width=\"800\" data-height=\"533\" aria-label=\"\" role=\"img\" ><\/div>\n\t\t\t\t\t\t\t\t\t\t\t\t\t\t<\/a>\n\t\t\t\t\t<\/div>\n\t\t\t\t\t<\/div>\n\t\t\t\t<\/div>\n\t\t\t\t\t<\/div>\n\t\t<\/div>\n\t\t\t\t\t<\/div>\n\t\t<\/section>\n\t\t\t\t<section class=\"elementor-section elementor-top-section elementor-element elementor-element-19a561f elementor-section-boxed elementor-section-height-default elementor-section-height-default\" data-id=\"19a561f\" data-element_type=\"section\" data-e-type=\"section\">\n\t\t\t\t\t\t<div class=\"elementor-container elementor-column-gap-default\">\n\t\t\t\t\t<div class=\"elementor-column elementor-col-100 elementor-top-column elementor-element elementor-element-c93360c\" data-id=\"c93360c\" data-element_type=\"column\" data-e-type=\"column\">\n\t\t\t<div class=\"elementor-widget-wrap elementor-element-populated\">\n\t\t\t\t\t\t<div class=\"elementor-element elementor-element-9b9292e elementor-widget elementor-widget-spacer\" data-id=\"9b9292e\" data-element_type=\"widget\" data-e-type=\"widget\" data-widget_type=\"spacer.default\">\n\t\t\t\t<div class=\"elementor-widget-container\">\n\t\t\t\t\t\t\t<div class=\"elementor-spacer\">\n\t\t\t<div class=\"elementor-spacer-inner\"><\/div>\n\t\t<\/div>\n\t\t\t\t\t\t<\/div>\n\t\t\t\t<\/div>\n\t\t\t\t\t<\/div>\n\t\t<\/div>\n\t\t\t\t\t<\/div>\n\t\t<\/section>\n\t\t\t\t<\/div>\n\t\t","protected":false},"excerpt":{"rendered":"<p>Espace Auteurs Vous \u00eates auteur \/ autrice Pourquoi publier aux \u00c9ditions Biotope ? \u00c0 votre \u00e9coute, nous vous accompagnons tout au long de votre projet \u00e9ditorial, de la pr\u00e9paration du manuscrit \u00e0 la diffusion de votre ouvrage. Vous b\u00e9n\u00e9ficiez de 30 ans d\u2019exp\u00e9rience dans le domaine de l\u2019\u00e9dition et de l\u2019expertise naturaliste de notre comit\u00e9 [&hellip;]<\/p>\n","protected":false},"author":4,"featured_media":0,"parent":0,"menu_order":3,"comment_status":"closed","ping_status":"closed","template":"","meta":{"_acf_changed":false,"footnotes":""},"class_list":["post-5102","page","type-page","status-publish","hentry"],"acf":[],"yoast_head":"<!-- This site is optimized with the Yoast SEO plugin v27.5 - https:\/\/yoast.com\/product\/yoast-seo-wordpress\/ -->\n<title>Espace Auteurs - Editions Biotope<\/title>\n<meta name=\"robots\" content=\"index, follow, max-snippet:-1, max-image-preview:large, max-video-preview:-1\" \/>\n<link rel=\"canonical\" href=\"https:\/\/www.biotope-editions.fr\/en\/espace-auteurs\/\" \/>\n<meta property=\"og:locale\" content=\"en_GB\" \/>\n<meta property=\"og:type\" content=\"article\" \/>\n<meta property=\"og:title\" content=\"Espace Auteurs - Editions Biotope\" \/>\n<meta property=\"og:description\" content=\"Espace Auteurs Vous \u00eates auteur \/ autrice Pourquoi publier aux \u00c9ditions Biotope ? \u00c0 votre \u00e9coute, nous vous accompagnons tout au long de votre projet \u00e9ditorial, de la pr\u00e9paration du manuscrit \u00e0 la diffusion de votre ouvrage. Vous b\u00e9n\u00e9ficiez de 30 ans d\u2019exp\u00e9rience dans le domaine de l\u2019\u00e9dition et de l\u2019expertise naturaliste de notre comit\u00e9 [&hellip;]\" \/>\n<meta property=\"og:url\" content=\"https:\/\/www.biotope-editions.fr\/en\/espace-auteurs\/\" \/>\n<meta property=\"og:site_name\" content=\"Editions Biotope\" \/>\n<meta property=\"article:publisher\" content=\"https:\/\/www.facebook.com\/EditionsBiotope\/\" \/>\n<meta property=\"article:modified_time\" content=\"2024-12-20T15:37:23+00:00\" \/>\n<meta name=\"twitter:card\" content=\"summary_large_image\" \/>\n<meta name=\"twitter:label1\" content=\"Estimated reading time\" \/>\n\t<meta name=\"twitter:data1\" content=\"1 minute\" \/>\n<script type=\"application\/ld+json\" class=\"yoast-schema-graph\">{\"@context\":\"https:\\\/\\\/schema.org\",\"@graph\":[{\"@type\":\"WebPage\",\"@id\":\"https:\\\/\\\/www.biotope-editions.fr\\\/espace-auteurs\\\/\",\"url\":\"https:\\\/\\\/www.biotope-editions.fr\\\/espace-auteurs\\\/\",\"name\":\"Espace Auteurs - Editions Biotope\",\"isPartOf\":{\"@id\":\"https:\\\/\\\/www.biotope-editions.fr\\\/#website\"},\"datePublished\":\"2024-07-09T12:28:53+00:00\",\"dateModified\":\"2024-12-20T15:37:23+00:00\",\"breadcrumb\":{\"@id\":\"https:\\\/\\\/www.biotope-editions.fr\\\/espace-auteurs\\\/#breadcrumb\"},\"inLanguage\":\"en-GB\",\"potentialAction\":[{\"@type\":\"ReadAction\",\"target\":[\"https:\\\/\\\/www.biotope-editions.fr\\\/espace-auteurs\\\/\"]}]},{\"@type\":\"BreadcrumbList\",\"@id\":\"https:\\\/\\\/www.biotope-editions.fr\\\/espace-auteurs\\\/#breadcrumb\",\"itemListElement\":[{\"@type\":\"ListItem\",\"position\":1,\"name\":\"Home\",\"item\":\"https:\\\/\\\/www.biotope-editions.fr\\\/\"},{\"@type\":\"ListItem\",\"position\":2,\"name\":\"Espace Auteurs\"}]},{\"@type\":\"WebSite\",\"@id\":\"https:\\\/\\\/www.biotope-editions.fr\\\/#website\",\"url\":\"https:\\\/\\\/www.biotope-editions.fr\\\/\",\"name\":\"Editions Biotope\",\"description\":\"Editeur par nature\",\"publisher\":{\"@id\":\"https:\\\/\\\/www.biotope-editions.fr\\\/#organization\"},\"potentialAction\":[{\"@type\":\"SearchAction\",\"target\":{\"@type\":\"EntryPoint\",\"urlTemplate\":\"https:\\\/\\\/www.biotope-editions.fr\\\/?s={search_term_string}\"},\"query-input\":{\"@type\":\"PropertyValueSpecification\",\"valueRequired\":true,\"valueName\":\"search_term_string\"}}],\"inLanguage\":\"en-GB\"},{\"@type\":\"Organization\",\"@id\":\"https:\\\/\\\/www.biotope-editions.fr\\\/#organization\",\"name\":\"Editions Biotope\",\"url\":\"https:\\\/\\\/www.biotope-editions.fr\\\/\",\"logo\":{\"@type\":\"ImageObject\",\"inLanguage\":\"en-GB\",\"@id\":\"https:\\\/\\\/www.biotope-editions.fr\\\/#\\\/schema\\\/logo\\\/image\\\/\",\"url\":\"https:\\\/\\\/www.biotope-editions.fr\\\/wp-content\\\/uploads\\\/2024\\\/07\\\/Fichier-1.svg\",\"contentUrl\":\"https:\\\/\\\/www.biotope-editions.fr\\\/wp-content\\\/uploads\\\/2024\\\/07\\\/Fichier-1.svg\",\"width\":49,\"height\":50,\"caption\":\"Editions Biotope\"},\"image\":{\"@id\":\"https:\\\/\\\/www.biotope-editions.fr\\\/#\\\/schema\\\/logo\\\/image\\\/\"},\"sameAs\":[\"https:\\\/\\\/www.facebook.com\\\/EditionsBiotope\\\/\"]}]}<\/script>\n<!-- \/ Yoast SEO plugin. -->","yoast_head_json":{"title":"Espace Auteurs - Editions Biotope","robots":{"index":"index","follow":"follow","max-snippet":"max-snippet:-1","max-image-preview":"max-image-preview:large","max-video-preview":"max-video-preview:-1"},"canonical":"https:\/\/www.biotope-editions.fr\/en\/espace-auteurs\/","og_locale":"en_GB","og_type":"article","og_title":"Espace Auteurs - Editions Biotope","og_description":"Espace Auteurs Vous \u00eates auteur \/ autrice Pourquoi publier aux \u00c9ditions Biotope ? \u00c0 votre \u00e9coute, nous vous accompagnons tout au long de votre projet \u00e9ditorial, de la pr\u00e9paration du manuscrit \u00e0 la diffusion de votre ouvrage. Vous b\u00e9n\u00e9ficiez de 30 ans d\u2019exp\u00e9rience dans le domaine de l\u2019\u00e9dition et de l\u2019expertise naturaliste de notre comit\u00e9 [&hellip;]","og_url":"https:\/\/www.biotope-editions.fr\/en\/espace-auteurs\/","og_site_name":"Editions Biotope","article_publisher":"https:\/\/www.facebook.com\/EditionsBiotope\/","article_modified_time":"2024-12-20T15:37:23+00:00","twitter_card":"summary_large_image","twitter_misc":{"Estimated reading time":"1 minute"},"schema":{"@context":"https:\/\/schema.org","@graph":[{"@type":"WebPage","@id":"https:\/\/www.biotope-editions.fr\/espace-auteurs\/","url":"https:\/\/www.biotope-editions.fr\/espace-auteurs\/","name":"Espace Auteurs - Editions Biotope","isPartOf":{"@id":"https:\/\/www.biotope-editions.fr\/#website"},"datePublished":"2024-07-09T12:28:53+00:00","dateModified":"2024-12-20T15:37:23+00:00","breadcrumb":{"@id":"https:\/\/www.biotope-editions.fr\/espace-auteurs\/#breadcrumb"},"inLanguage":"en-GB","potentialAction":[{"@type":"ReadAction","target":["https:\/\/www.biotope-editions.fr\/espace-auteurs\/"]}]},{"@type":"BreadcrumbList","@id":"https:\/\/www.biotope-editions.fr\/espace-auteurs\/#breadcrumb","itemListElement":[{"@type":"ListItem","position":1,"name":"Home","item":"https:\/\/www.biotope-editions.fr\/"},{"@type":"ListItem","position":2,"name":"Espace Auteurs"}]},{"@type":"WebSite","@id":"https:\/\/www.biotope-editions.fr\/#website","url":"https:\/\/www.biotope-editions.fr\/","name":"Editions Biotope","description":"Editeur par nature","publisher":{"@id":"https:\/\/www.biotope-editions.fr\/#organization"},"potentialAction":[{"@type":"SearchAction","target":{"@type":"EntryPoint","urlTemplate":"https:\/\/www.biotope-editions.fr\/?s={search_term_string}"},"query-input":{"@type":"PropertyValueSpecification","valueRequired":true,"valueName":"search_term_string"}}],"inLanguage":"en-GB"},{"@type":"Organization","@id":"https:\/\/www.biotope-editions.fr\/#organization","name":"Editions Biotope","url":"https:\/\/www.biotope-editions.fr\/","logo":{"@type":"ImageObject","inLanguage":"en-GB","@id":"https:\/\/www.biotope-editions.fr\/#\/schema\/logo\/image\/","url":"https:\/\/www.biotope-editions.fr\/wp-content\/uploads\/2024\/07\/Fichier-1.svg","contentUrl":"https:\/\/www.biotope-editions.fr\/wp-content\/uploads\/2024\/07\/Fichier-1.svg","width":49,"height":50,"caption":"Editions Biotope"},"image":{"@id":"https:\/\/www.biotope-editions.fr\/#\/schema\/logo\/image\/"},"sameAs":["https:\/\/www.facebook.com\/EditionsBiotope\/"]}]}},"_links":{"self":[{"href":"https:\/\/www.biotope-editions.fr\/en\/wp-json\/wp\/v2\/pages\/5102","targetHints":{"allow":["GET"]}}],"collection":[{"href":"https:\/\/www.biotope-editions.fr\/en\/wp-json\/wp\/v2\/pages"}],"about":[{"href":"https:\/\/www.biotope-editions.fr\/en\/wp-json\/wp\/v2\/types\/page"}],"author":[{"embeddable":true,"href":"https:\/\/www.biotope-editions.fr\/en\/wp-json\/wp\/v2\/users\/4"}],"replies":[{"embeddable":true,"href":"https:\/\/www.biotope-editions.fr\/en\/wp-json\/wp\/v2\/comments?post=5102"}],"version-history":[{"count":97,"href":"https:\/\/www.biotope-editions.fr\/en\/wp-json\/wp\/v2\/pages\/5102\/revisions"}],"predecessor-version":[{"id":15332,"href":"https:\/\/www.biotope-editions.fr\/en\/wp-json\/wp\/v2\/pages\/5102\/revisions\/15332"}],"wp:attachment":[{"href":"https:\/\/www.biotope-editions.fr\/en\/wp-json\/wp\/v2\/media?parent=5102"}],"curies":[{"name":"wp","href":"https:\/\/api.w.org\/{rel}","templated":true}]}}